{"id":12,"date":"2024-06-13T10:35:32","date_gmt":"2024-06-13T08:35:32","guid":{"rendered":"https:\/\/www.santibymirojoyeros.com\/?page_id=12"},"modified":"2024-07-22T14:05:40","modified_gmt":"2024-07-22T12:05:40","slug":"sobre-nosotros","status":"publish","type":"page","link":"https:\/\/www.santibymirojoyeros.com\/en\/sobre-nosotros\/","title":{"rendered":"Sobre nosotros"},"content":{"rendered":"<div data-elementor-type=\"wp-page\" data-elementor-id=\"12\" class=\"elementor elementor-12\" data-elementor-post-type=\"page\">\n\t\t\t\t<div class=\"elementor-element elementor-element-7c6a280 e-con-full e-flex e-con e-parent\" data-id=\"7c6a280\" data-element_type=\"container\" data-settings=\"{&quot;background_background&quot;:&quot;classic&quot;}\">\n\t\t<div class=\"elementor-element elementor-element-103dfa84 e-con-full e-flex e-con e-child\" data-id=\"103dfa84\" data-element_type=\"container\">\n\t\t\t\t<div class=\"elementor-element elementor-element-39941038 elementor-widget-divider--view-line elementor-invisible elementor-widget elementor-widget-divider\" data-id=\"39941038\" data-element_type=\"widget\" data-settings=\"{&quot;_animation&quot;:&quot;fadeInLeft&quot;}\" data-widget_type=\"divider.default\">\n\t\t\t\t<div class=\"elementor-widget-container\">\n\t\t\t\t\t<div class=\"elementor-divider\">\n\t\t\t<span class=\"elementor-divider-separator\">\n\t\t\t\t\t\t<\/span>\n\t\t<\/div>\n\t\t\t\t<\/div>\n\t\t\t\t<\/div>\n\t\t\t\t<div class=\"elementor-element elementor-element-cea3779 elementor-widget elementor-widget-heading\" data-id=\"cea3779\" data-element_type=\"widget\" data-widget_type=\"heading.default\">\n\t\t\t\t<div class=\"elementor-widget-container\">\n\t\t\t<h2 class=\"elementor-heading-title elementor-size-default\">sobre nosotros<\/h2>\t\t<\/div>\n\t\t\t\t<\/div>\n\t\t\t\t<div class=\"elementor-element elementor-element-f74e14c elementor-widget__width-initial elementor-widget elementor-widget-text-editor\" data-id=\"f74e14c\" data-element_type=\"widget\" data-widget_type=\"text-editor.default\">\n\t\t\t\t<div class=\"elementor-widget-container\">\n\t\t\t\t\t\t\t<p>MIRO JOYEROS es\u00a0 una empresa familiar artesanal<\/p>\t\t\t\t\t\t<\/div>\n\t\t\t\t<\/div>\n\t\t\t\t<div class=\"elementor-element elementor-element-c30cf04 elementor-widget__width-inherit elementor-invisible elementor-widget elementor-widget-image\" data-id=\"c30cf04\" data-element_type=\"widget\" data-settings=\"{&quot;_animation&quot;:&quot;fadeIn&quot;,&quot;motion_fx_motion_fx_scrolling&quot;:&quot;yes&quot;,&quot;motion_fx_translateY_effect&quot;:&quot;yes&quot;,&quot;motion_fx_translateY_speed&quot;:{&quot;unit&quot;:&quot;px&quot;,&quot;size&quot;:4,&quot;sizes&quot;:[]},&quot;motion_fx_translateY_affectedRange&quot;:{&quot;unit&quot;:&quot;%&quot;,&quot;size&quot;:&quot;&quot;,&quot;sizes&quot;:{&quot;start&quot;:0,&quot;end&quot;:100}},&quot;motion_fx_devices&quot;:[&quot;desktop&quot;,&quot;tablet&quot;,&quot;mobile&quot;]}\" data-widget_type=\"image.default\">\n\t\t\t\t<div class=\"elementor-widget-container\">\n\t\t\t\t\t\t\t\t\t\t\t\t\t<img fetchpriority=\"high\" decoding=\"async\" width=\"1024\" height=\"768\" src=\"https:\/\/www.santibymirojoyeros.com\/wp-content\/uploads\/IMG_20211006_173830-1024x768.jpg\" class=\"attachment-large size-large wp-image-256\" alt=\"fachada joyer\u00eda Santi by Miro\" srcset=\"https:\/\/www.santibymirojoyeros.com\/wp-content\/uploads\/IMG_20211006_173830-1024x768.jpg 1024w, https:\/\/www.santibymirojoyeros.com\/wp-content\/uploads\/IMG_20211006_173830-300x225.jpg 300w, https:\/\/www.santibymirojoyeros.com\/wp-content\/uploads\/IMG_20211006_173830-768x576.jpg 768w, https:\/\/www.santibymirojoyeros.com\/wp-content\/uploads\/IMG_20211006_173830.jpg 1360w\" sizes=\"(max-width: 1024px) 100vw, 1024px\" \/>\t\t\t\t\t\t\t\t\t\t\t\t\t<\/div>\n\t\t\t\t<\/div>\n\t\t\t\t<\/div>\n\t\t<div class=\"elementor-element elementor-element-49d96487 e-con-full e-flex e-con e-child\" data-id=\"49d96487\" data-element_type=\"container\" data-settings=\"{&quot;background_background&quot;:&quot;classic&quot;}\">\n\t\t\t\t<div class=\"elementor-element elementor-element-1e3cf2e elementor-widget__width-initial elementor-invisible elementor-widget elementor-widget-image\" data-id=\"1e3cf2e\" data-element_type=\"widget\" data-settings=\"{&quot;_animation&quot;:&quot;fadeInDown&quot;,&quot;_animation_tablet&quot;:&quot;fadeInLeft&quot;}\" data-widget_type=\"image.default\">\n\t\t\t\t<div class=\"elementor-widget-container\">\n\t\t\t\t\t\t\t\t\t\t\t\t\t<img decoding=\"async\" width=\"576\" height=\"1024\" src=\"https:\/\/www.santibymirojoyeros.com\/wp-content\/uploads\/WhatsApp-Image-2024-07-08-at-20.18.45-576x1024.jpeg\" class=\"attachment-large size-large wp-image-400\" alt=\"interior joyer\u00eda Santi by Miro\" srcset=\"https:\/\/www.santibymirojoyeros.com\/wp-content\/uploads\/WhatsApp-Image-2024-07-08-at-20.18.45-576x1024.jpeg 576w, https:\/\/www.santibymirojoyeros.com\/wp-content\/uploads\/WhatsApp-Image-2024-07-08-at-20.18.45-169x300.jpeg 169w, https:\/\/www.santibymirojoyeros.com\/wp-content\/uploads\/WhatsApp-Image-2024-07-08-at-20.18.45-768x1365.jpeg 768w, https:\/\/www.santibymirojoyeros.com\/wp-content\/uploads\/WhatsApp-Image-2024-07-08-at-20.18.45-864x1536.jpeg 864w, https:\/\/www.santibymirojoyeros.com\/wp-content\/uploads\/WhatsApp-Image-2024-07-08-at-20.18.45.jpeg 1152w\" sizes=\"(max-width: 576px) 100vw, 576px\" \/>\t\t\t\t\t\t\t\t\t\t\t\t\t<\/div>\n\t\t\t\t<\/div>\n\t\t\t\t<div class=\"elementor-element elementor-element-4633f778 elementor-widget__width-initial elementor-invisible elementor-widget elementor-widget-image\" data-id=\"4633f778\" data-element_type=\"widget\" data-settings=\"{&quot;_animation&quot;:&quot;fadeInDown&quot;,&quot;_animation_tablet&quot;:&quot;fadeInRight&quot;,&quot;_animation_delay&quot;:&quot;200&quot;}\" data-widget_type=\"image.default\">\n\t\t\t\t<div class=\"elementor-widget-container\">\n\t\t\t\t\t\t\t\t\t\t\t\t\t<img decoding=\"async\" width=\"576\" height=\"1024\" src=\"https:\/\/www.santibymirojoyeros.com\/wp-content\/uploads\/WhatsApp-Image-2024-07-09-at-11.07.36-576x1024.jpeg\" class=\"attachment-large size-large wp-image-477\" alt=\"zona interior joyer\u00eda\" srcset=\"https:\/\/www.santibymirojoyeros.com\/wp-content\/uploads\/WhatsApp-Image-2024-07-09-at-11.07.36-576x1024.jpeg 576w, https:\/\/www.santibymirojoyeros.com\/wp-content\/uploads\/WhatsApp-Image-2024-07-09-at-11.07.36-169x300.jpeg 169w, https:\/\/www.santibymirojoyeros.com\/wp-content\/uploads\/WhatsApp-Image-2024-07-09-at-11.07.36-768x1365.jpeg 768w, https:\/\/www.santibymirojoyeros.com\/wp-content\/uploads\/WhatsApp-Image-2024-07-09-at-11.07.36-864x1536.jpeg 864w, https:\/\/www.santibymirojoyeros.com\/wp-content\/uploads\/WhatsApp-Image-2024-07-09-at-11.07.36.jpeg 1152w\" sizes=\"(max-width: 576px) 100vw, 576px\" \/>\t\t\t\t\t\t\t\t\t\t\t\t\t<\/div>\n\t\t\t\t<\/div>\n\t\t\t\t<div class=\"elementor-element elementor-element-ed9d31a elementor-widget elementor-widget-text-editor\" data-id=\"ed9d31a\" data-element_type=\"widget\" data-widget_type=\"text-editor.default\">\n\t\t\t\t<div class=\"elementor-widget-container\">\n\t\t\t\t\t\t\t<p>A finales de 2013 decidimos abrir nuestra nueva joyer\u00eda, un espacio abierto a todos, donde encontrar nuevas tendencias y los dise\u00f1os m\u00e1s actuales en joyer\u00eda y relojer\u00eda.<\/p><p>En nuestro taller, creamos piezas fusionando la artesan\u00eda con las nuevas tecnolog\u00edas, con acabados de alta calidad, peque\u00f1as obras de arte y diamantes seleccionados con las mejores calidades.<\/p>\t\t\t\t\t\t<\/div>\n\t\t\t\t<\/div>\n\t\t\t\t<\/div>\n\t\t\t\t<\/div>\n\t\t\t\t<\/div>","protected":false},"excerpt":{"rendered":"<p>sobre nosotros MIRO JOYEROS es\u00a0 una empresa familiar artesanal A finales de 2013 decidimos abrir nuestra nueva joyer\u00eda, un espacio [&hellip;]<\/p>","protected":false},"author":1,"featured_media":0,"parent":0,"menu_order":0,"comment_status":"closed","ping_status":"closed","template":"","meta":{"site-sidebar-layout":"no-sidebar","site-content-layout":"","ast-site-content-layout":"full-width-container","site-content-style":"default","site-sidebar-style":"default","ast-global-header-display":"","ast-banner-title-visibility":"","ast-main-header-display":"","ast-hfb-above-header-display":"","ast-hfb-below-header-display":"","ast-hfb-mobile-header-display":"","site-post-title":"disabled","ast-breadcrumbs-content":"","ast-featured-img":"disabled","footer-sml-layout":"","theme-transparent-header-meta":"","adv-header-id-meta":"","stick-header-meta":"","header-above-stick-meta":"","header-main-stick-meta":"","header-below-stick-meta":"","astra-migrate-meta-layouts":"default","ast-page-background-enabled":"default","ast-page-background-meta":{"desktop":{"background-color":"var(--ast-global-color-4)","background-image":"","background-repeat":"repeat","background-position":"center center","background-size":"auto","background-attachment":"scroll","background-type":"","background-media":"","overlay-type":"","overlay-color":"","overlay-opacity":"","overlay-gradient":""},"tablet":{"background-color":"","background-image":"","background-repeat":"repeat","background-position":"center center","background-size":"auto","background-attachment":"scroll","background-type":"","background-media":"","overlay-type":"","overlay-color":"","overlay-opacity":"","overlay-gradient":""},"mobile":{"background-color":"","background-image":"","background-repeat":"repeat","background-position":"center center","background-size":"auto","background-attachment":"scroll","background-type":"","background-media":"","overlay-type":"","overlay-color":"","overlay-opacity":"","overlay-gradient":""}},"ast-content-background-meta":{"desktop":{"background-color":"var(--ast-global-color-5)","background-image":"","background-repeat":"repeat","background-position":"center center","background-size":"auto","background-attachment":"scroll","background-type":"","background-media":"","overlay-type":"","overlay-color":"","overlay-opacity":"","overlay-gradient":""},"tablet":{"background-color":"var(--ast-global-color-5)","background-image":"","background-repeat":"repeat","background-position":"center center","background-size":"auto","background-attachment":"scroll","background-type":"","background-media":"","overlay-type":"","overlay-color":"","overlay-opacity":"","overlay-gradient":""},"mobile":{"background-color":"var(--ast-global-color-5)","background-image":"","background-repeat":"repeat","background-position":"center center","background-size":"auto","background-attachment":"scroll","background-type":"","background-media":"","overlay-type":"","overlay-color":"","overlay-opacity":"","overlay-gradient":""}},"footnotes":""},"class_list":["post-12","page","type-page","status-publish","hentry"],"yoast_head":"<!-- This site is optimized with the Yoast SEO plugin v25.2 - https:\/\/yoast.com\/wordpress\/plugins\/seo\/ -->\n<title>Sobre nosotros - Santi by Miro Joyeros<\/title>\n<meta name=\"description\" content=\"A finales de 2013 decidimos abrir nuestra nueva joyer\u00eda, un espacio abierto a todos, donde encontrar nuevas tendencias y los dise\u00f1os m\u00e1s...\" \/>\n<meta name=\"robots\" content=\"index, follow, max-snippet:-1, max-image-preview:large, max-video-preview:-1\" \/>\n<link rel=\"canonical\" href=\"https:\/\/www.santibymirojoyeros.com\/en\/sobre-nosotros\/\" \/>\n<meta property=\"og:locale\" content=\"en_GB\" \/>\n<meta property=\"og:type\" content=\"article\" \/>\n<meta property=\"og:title\" content=\"Sobre nosotros - Santi by Miro Joyeros\" \/>\n<meta property=\"og:description\" content=\"A finales de 2013 decidimos abrir nuestra nueva joyer\u00eda, un espacio abierto a todos, donde encontrar nuevas tendencias y los dise\u00f1os m\u00e1s...\" \/>\n<meta property=\"og:url\" content=\"https:\/\/www.santibymirojoyeros.com\/en\/sobre-nosotros\/\" \/>\n<meta property=\"og:site_name\" content=\"Santi by Miro Joyeros\" \/>\n<meta property=\"article:modified_time\" content=\"2024-07-22T12:05:40+00:00\" \/>\n<meta property=\"og:image\" content=\"https:\/\/www.santibymirojoyeros.com\/wp-content\/uploads\/IMG_20211006_173830-1024x768.jpg\" \/>\n<meta name=\"twitter:card\" content=\"summary_large_image\" \/>\n<meta name=\"twitter:label1\" content=\"Estimated reading time\" \/>\n\t<meta name=\"twitter:data1\" content=\"1 minute\" \/>\n<script type=\"application\/ld+json\" class=\"yoast-schema-graph\">{\"@context\":\"https:\/\/schema.org\",\"@graph\":[{\"@type\":\"WebPage\",\"@id\":\"https:\/\/www.santibymirojoyeros.com\/sobre-nosotros\/\",\"url\":\"https:\/\/www.santibymirojoyeros.com\/sobre-nosotros\/\",\"name\":\"Sobre nosotros - Santi by Miro Joyeros\",\"isPartOf\":{\"@id\":\"https:\/\/www.santibymirojoyeros.com\/#website\"},\"primaryImageOfPage\":{\"@id\":\"https:\/\/www.santibymirojoyeros.com\/sobre-nosotros\/#primaryimage\"},\"image\":{\"@id\":\"https:\/\/www.santibymirojoyeros.com\/sobre-nosotros\/#primaryimage\"},\"thumbnailUrl\":\"https:\/\/www.santibymirojoyeros.com\/wp-content\/uploads\/IMG_20211006_173830-1024x768.jpg\",\"datePublished\":\"2024-06-13T08:35:32+00:00\",\"dateModified\":\"2024-07-22T12:05:40+00:00\",\"description\":\"A finales de 2013 decidimos abrir nuestra nueva joyer\u00eda, un espacio abierto a todos, donde encontrar nuevas tendencias y los dise\u00f1os m\u00e1s...\",\"breadcrumb\":{\"@id\":\"https:\/\/www.santibymirojoyeros.com\/sobre-nosotros\/#breadcrumb\"},\"inLanguage\":\"en-GB\",\"potentialAction\":[{\"@type\":\"ReadAction\",\"target\":[\"https:\/\/www.santibymirojoyeros.com\/sobre-nosotros\/\"]}]},{\"@type\":\"ImageObject\",\"inLanguage\":\"en-GB\",\"@id\":\"https:\/\/www.santibymirojoyeros.com\/sobre-nosotros\/#primaryimage\",\"url\":\"https:\/\/www.santibymirojoyeros.com\/wp-content\/uploads\/IMG_20211006_173830-1024x768.jpg\",\"contentUrl\":\"https:\/\/www.santibymirojoyeros.com\/wp-content\/uploads\/IMG_20211006_173830-1024x768.jpg\"},{\"@type\":\"BreadcrumbList\",\"@id\":\"https:\/\/www.santibymirojoyeros.com\/sobre-nosotros\/#breadcrumb\",\"itemListElement\":[{\"@type\":\"ListItem\",\"position\":1,\"name\":\"Portada\",\"item\":\"https:\/\/www.santibymirojoyeros.com\/\"},{\"@type\":\"ListItem\",\"position\":2,\"name\":\"Sobre nosotros\"}]},{\"@type\":\"WebSite\",\"@id\":\"https:\/\/www.santibymirojoyeros.com\/#website\",\"url\":\"https:\/\/www.santibymirojoyeros.com\/\",\"name\":\"Santi by Miro Joyeros\",\"description\":\"\",\"publisher\":{\"@id\":\"https:\/\/www.santibymirojoyeros.com\/#organization\"},\"potentialAction\":[{\"@type\":\"SearchAction\",\"target\":{\"@type\":\"EntryPoint\",\"urlTemplate\":\"https:\/\/www.santibymirojoyeros.com\/?s={search_term_string}\"},\"query-input\":{\"@type\":\"PropertyValueSpecification\",\"valueRequired\":true,\"valueName\":\"search_term_string\"}}],\"inLanguage\":\"en-GB\"},{\"@type\":\"Organization\",\"@id\":\"https:\/\/www.santibymirojoyeros.com\/#organization\",\"name\":\"Santi by Miro Joyeros\",\"url\":\"https:\/\/www.santibymirojoyeros.com\/\",\"logo\":{\"@type\":\"ImageObject\",\"inLanguage\":\"en-GB\",\"@id\":\"https:\/\/www.santibymirojoyeros.com\/#\/schema\/logo\/image\/\",\"url\":\"https:\/\/www.santibymirojoyeros.com\/wp-content\/uploads\/image-9.png\",\"contentUrl\":\"https:\/\/www.santibymirojoyeros.com\/wp-content\/uploads\/image-9.png\",\"width\":623,\"height\":401,\"caption\":\"Santi by Miro Joyeros\"},\"image\":{\"@id\":\"https:\/\/www.santibymirojoyeros.com\/#\/schema\/logo\/image\/\"}}]}<\/script>\n<!-- \/ Yoast SEO plugin. -->","yoast_head_json":{"title":"Sobre nosotros - Santi by Miro Joyeros","description":"A finales de 2013 decidimos abrir nuestra nueva joyer\u00eda, un espacio abierto a todos, donde encontrar nuevas tendencias y los dise\u00f1os m\u00e1s...","robots":{"index":"index","follow":"follow","max-snippet":"max-snippet:-1","max-image-preview":"max-image-preview:large","max-video-preview":"max-video-preview:-1"},"canonical":"https:\/\/www.santibymirojoyeros.com\/en\/sobre-nosotros\/","og_locale":"en_GB","og_type":"article","og_title":"Sobre nosotros - Santi by Miro Joyeros","og_description":"A finales de 2013 decidimos abrir nuestra nueva joyer\u00eda, un espacio abierto a todos, donde encontrar nuevas tendencias y los dise\u00f1os m\u00e1s...","og_url":"https:\/\/www.santibymirojoyeros.com\/en\/sobre-nosotros\/","og_site_name":"Santi by Miro Joyeros","article_modified_time":"2024-07-22T12:05:40+00:00","og_image":[{"url":"https:\/\/www.santibymirojoyeros.com\/wp-content\/uploads\/IMG_20211006_173830-1024x768.jpg","type":"","width":"","height":""}],"twitter_card":"summary_large_image","twitter_misc":{"Estimated reading time":"1 minute"},"schema":{"@context":"https:\/\/schema.org","@graph":[{"@type":"WebPage","@id":"https:\/\/www.santibymirojoyeros.com\/sobre-nosotros\/","url":"https:\/\/www.santibymirojoyeros.com\/sobre-nosotros\/","name":"Sobre nosotros - Santi by Miro Joyeros","isPartOf":{"@id":"https:\/\/www.santibymirojoyeros.com\/#website"},"primaryImageOfPage":{"@id":"https:\/\/www.santibymirojoyeros.com\/sobre-nosotros\/#primaryimage"},"image":{"@id":"https:\/\/www.santibymirojoyeros.com\/sobre-nosotros\/#primaryimage"},"thumbnailUrl":"https:\/\/www.santibymirojoyeros.com\/wp-content\/uploads\/IMG_20211006_173830-1024x768.jpg","datePublished":"2024-06-13T08:35:32+00:00","dateModified":"2024-07-22T12:05:40+00:00","description":"A finales de 2013 decidimos abrir nuestra nueva joyer\u00eda, un espacio abierto a todos, donde encontrar nuevas tendencias y los dise\u00f1os m\u00e1s...","breadcrumb":{"@id":"https:\/\/www.santibymirojoyeros.com\/sobre-nosotros\/#breadcrumb"},"inLanguage":"en-GB","potentialAction":[{"@type":"ReadAction","target":["https:\/\/www.santibymirojoyeros.com\/sobre-nosotros\/"]}]},{"@type":"ImageObject","inLanguage":"en-GB","@id":"https:\/\/www.santibymirojoyeros.com\/sobre-nosotros\/#primaryimage","url":"https:\/\/www.santibymirojoyeros.com\/wp-content\/uploads\/IMG_20211006_173830-1024x768.jpg","contentUrl":"https:\/\/www.santibymirojoyeros.com\/wp-content\/uploads\/IMG_20211006_173830-1024x768.jpg"},{"@type":"BreadcrumbList","@id":"https:\/\/www.santibymirojoyeros.com\/sobre-nosotros\/#breadcrumb","itemListElement":[{"@type":"ListItem","position":1,"name":"Portada","item":"https:\/\/www.santibymirojoyeros.com\/"},{"@type":"ListItem","position":2,"name":"Sobre nosotros"}]},{"@type":"WebSite","@id":"https:\/\/www.santibymirojoyeros.com\/#website","url":"https:\/\/www.santibymirojoyeros.com\/","name":"Santi by Miro Joyeros","description":"","publisher":{"@id":"https:\/\/www.santibymirojoyeros.com\/#organization"},"potentialAction":[{"@type":"SearchAction","target":{"@type":"EntryPoint","urlTemplate":"https:\/\/www.santibymirojoyeros.com\/?s={search_term_string}"},"query-input":{"@type":"PropertyValueSpecification","valueRequired":true,"valueName":"search_term_string"}}],"inLanguage":"en-GB"},{"@type":"Organization","@id":"https:\/\/www.santibymirojoyeros.com\/#organization","name":"Santi by Miro Joyeros","url":"https:\/\/www.santibymirojoyeros.com\/","logo":{"@type":"ImageObject","inLanguage":"en-GB","@id":"https:\/\/www.santibymirojoyeros.com\/#\/schema\/logo\/image\/","url":"https:\/\/www.santibymirojoyeros.com\/wp-content\/uploads\/image-9.png","contentUrl":"https:\/\/www.santibymirojoyeros.com\/wp-content\/uploads\/image-9.png","width":623,"height":401,"caption":"Santi by Miro Joyeros"},"image":{"@id":"https:\/\/www.santibymirojoyeros.com\/#\/schema\/logo\/image\/"}}]}},"_links":{"self":[{"href":"https:\/\/www.santibymirojoyeros.com\/en\/wp-json\/wp\/v2\/pages\/12","targetHints":{"allow":["GET"]}}],"collection":[{"href":"https:\/\/www.santibymirojoyeros.com\/en\/wp-json\/wp\/v2\/pages"}],"about":[{"href":"https:\/\/www.santibymirojoyeros.com\/en\/wp-json\/wp\/v2\/types\/page"}],"author":[{"embeddable":true,"href":"https:\/\/www.santibymirojoyeros.com\/en\/wp-json\/wp\/v2\/users\/1"}],"replies":[{"embeddable":true,"href":"https:\/\/www.santibymirojoyeros.com\/en\/wp-json\/wp\/v2\/comments?post=12"}],"version-history":[{"count":22,"href":"https:\/\/www.santibymirojoyeros.com\/en\/wp-json\/wp\/v2\/pages\/12\/revisions"}],"predecessor-version":[{"id":480,"href":"https:\/\/www.santibymirojoyeros.com\/en\/wp-json\/wp\/v2\/pages\/12\/revisions\/480"}],"wp:attachment":[{"href":"https:\/\/www.santibymirojoyeros.com\/en\/wp-json\/wp\/v2\/media?parent=12"}],"curies":[{"name":"wp","href":"https:\/\/api.w.org\/{rel}","templated":true}]}}