{"id":3,"date":"2024-06-12T16:59:26","date_gmt":"2024-06-12T14:59:26","guid":{"rendered":"https:\/\/www.santibymirojoyeros.com\/?page_id=3"},"modified":"2025-02-11T16:54:49","modified_gmt":"2025-02-11T15:54:49","slug":"politica-privacidad","status":"publish","type":"page","link":"https:\/\/www.santibymirojoyeros.com\/en\/politica-privacidad\/","title":{"rendered":"Pol\u00edtica de privacidad"},"content":{"rendered":"<div data-elementor-type=\"wp-page\" data-elementor-id=\"3\" class=\"elementor elementor-3\" data-elementor-post-type=\"page\">\n\t\t\t\t<div class=\"elementor-element elementor-element-79f109cc e-flex e-con-boxed e-con e-parent\" data-id=\"79f109cc\" data-element_type=\"container\">\n\t\t\t\t\t<div class=\"e-con-inner\">\n\t\t\t\t<div class=\"elementor-element elementor-element-bba7e97 elementor-widget elementor-widget-text-editor\" data-id=\"bba7e97\" data-element_type=\"widget\" data-widget_type=\"text-editor.default\">\n\t\t\t\t<div class=\"elementor-widget-container\">\n\t\t\t\t\t\t\t<!-- wp:paragraph -->\n<p>Responsable \u2013 \u00bfQui\u00e9n es el responsable del tratamiento de los datos?<\/p>\n<!-- \/wp:paragraph --><!-- wp:paragraph -->\n<p><strong>Identidad:<\/strong>\u00a0 Santi By Miro Joyeros.<br \/><strong>Domicilio social:<\/strong> C\/Caba\u00f1era Real, 17 \u00b7 22520 FRAGA (Huesca)<br \/><strong>CIF:<\/strong> <br \/><strong>Tel\u00e9fono:<\/strong> 974 471 811<br \/><strong>Correo electr\u00f3nico:<\/strong> info@santibymirojoyeros.com<br \/><strong>Contacto:<\/strong> Santi By Miro Joyeros.<br \/><strong>Nombre del dominio:<\/strong> <a href=\"http:\/\/www.santibymirojoyeros.com\/en\/\" target=\"_blank\" rel=\"noreferrer noopener\">www.santibymirojoyeros.com<\/a><\/p>\n<!-- \/wp:paragraph --><!-- wp:heading {\"level\":3} -->\n<h3 class=\"wp-block-heading\">Finalidades \u2013 \u00bfCon qu\u00e9 finalidades tratamos tus datos?<\/h3>\n<!-- \/wp:heading --><!-- wp:paragraph -->\n<p>En cumplimiento de lo dispuesto en el Reglamento Europeo 2016\/679 General de Protecci\u00f3n de Datos, te informamos de que trataremos los datos que nos facilitas para:<\/p>\n<!-- \/wp:paragraph --><!-- wp:list -->\n<ul><!-- wp:list-item -->\n<li>Gestionar la contrataci\u00f3n de servicios que realice a trav\u00e9s de la Plataforma, as\u00ed como la facturaci\u00f3n y entrega correspondiente.<\/li>\n<!-- \/wp:list-item --><!-- wp:list-item -->\n<li>Remitir peri\u00f3dicamente comunicaciones sobre servicios, eventos y noticias relacionadas con las actividades desarrolladas por <strong>Santi By Miro Joyeros<\/strong>, por cualquier medio (tel\u00e9fono, correo postal o email), salvo que se indique lo contrario o el usuario se oponga o revoque su consentimiento.<\/li>\n<!-- \/wp:list-item --><!-- wp:list-item -->\n<li>Remitir informaci\u00f3n comercial y \/ o promocional relacionada con el sector de servicios contratados y valor a\u00f1adido para usuarios finales, salvo que se indique lo contrario o el usuario se oponga o revoque su consentimiento.<\/li>\n<!-- \/wp:list-item --><!-- wp:list-item -->\n<li>Dar cumplimiento a las obligaciones legalmente establecidas, as\u00ed como verificar el cumplimiento de las obligaciones contractuales, inclu\u00eda la prevenci\u00f3n de fraude.<\/li>\n<!-- \/wp:list-item --><!-- wp:list-item -->\n<li>Cesi\u00f3n de datos a organismos y autoridades, siempre y cuando sean requeridos de conformidad con las disposiciones legales y reglamentarias.<\/li>\n<!-- \/wp:list-item --><\/ul>\n<!-- \/wp:list --><!-- wp:heading {\"level\":3} -->\n<h3 class=\"wp-block-heading\">Categor\u00edas de datos \u2013 \u00bfQu\u00e9 datos tratamos?<\/h3>\n<!-- \/wp:heading --><!-- wp:paragraph -->\n<p>Derivada de las finalidades antes mencionadas, en <strong>Santi By Mir\u00f3 Joyeros<\/strong>. gestionamos las siguientes categor\u00edas de datos:<\/p>\n<!-- \/wp:paragraph --><!-- wp:list -->\n<ul><!-- wp:list-item -->\n<li>Datos identificativos<\/li>\n<!-- \/wp:list-item --><!-- wp:list-item -->\n<li>Metadatos de comunicaciones electr\u00f3nicas<\/li>\n<!-- \/wp:list-item --><!-- wp:list-item -->\n<li>Datos de informaci\u00f3n comercial. En caso de que el usuario facilite datos de terceros, manifiesta contar con el consentimiento de estos y se compromete a trasladarle la informaci\u00f3n contenida en esta cl\u00e1usula, eximiendo a <strong>Santi By Miro Joyeros<\/strong>. de cualquier responsabilidad en este sentido.<\/li>\n<!-- \/wp:list-item --><!-- wp:list-item -->\n<li>No obstante, <strong>Santi By Miro Joyeros<\/strong>. podr\u00e1 llevar a cabo las verificaciones para constatar este hecho, adoptando las medidas de diligencia debida que correspondan, conforme a la normativa de protecci\u00f3n de datos.<\/li>\n<!-- \/wp:list-item --><\/ul>\n<!-- \/wp:list --><!-- wp:heading {\"level\":3} -->\n<h3 class=\"wp-block-heading\">Legitimaci\u00f3n \u2013 \u00bfCu\u00e1l es la legitimaci\u00f3n para el tratamiento de tus datos?<\/h3>\n<!-- \/wp:heading --><!-- wp:paragraph -->\n<p>El tratamiento de datos cuyo fin es el env\u00edo de boletines peri\u00f3dicos (newslettering) sobre servicios, eventos y noticias relacionadas con nuestra actividad profesional se basa en el consentimiento del interesado, solicitado expresamente para llevar a cabo dichos tratamientos, de acuerdo con la normativa vigente.<br \/>Adem\u00e1s, la legitimaci\u00f3n para el tratamiento de los datos relacionados con ofertas o colaboraciones se basan en el consentimiento del usuario que remite sus datos, que puede retirar en cualquier momento, si bien ello puede afectar a la posible comunicaci\u00f3n de forma fluida y obstrucci\u00f3n de procesos que desea realizar.<br \/>Por \u00faltimo, los datos se podr\u00e1n utilizar para dar cumplimiento a las obligaciones legales aplicables a <strong>Santi By Miro Joyeros<\/strong>.<\/p>\n<!-- \/wp:paragraph --><!-- wp:heading {\"level\":3} -->\n<h3 class=\"wp-block-heading\">Plazo de Conservaci\u00f3n de los Datos \u2013 \u00bfPor cu\u00e1nto tiempo conservaremos tus datos?<\/h3>\n<!-- \/wp:heading --><!-- wp:paragraph -->\n<p><strong>Santi By Miro Joyeros<\/strong> conservar\u00e1 los datos personales de los usuarios \u00fanicamente durante el tiempo necesario para la realizaci\u00f3n de las finalidades para las que fueron recogidos, mientras no revoque los consentimientos otorgados. Posteriormente, en caso de ser necesario, mantendr\u00e1 la informaci\u00f3n bloqueada durante los plazos legalmente establecidos.<\/p>\n<!-- \/wp:paragraph --><!-- wp:heading {\"level\":3} -->\n<h3 class=\"wp-block-heading\">Destinatarios \u00bfA qu\u00e9 destinatarios se comunicar\u00e1n tus datos?<\/h3>\n<!-- \/wp:heading --><!-- wp:paragraph -->\n<p>Tus datos podr\u00e1n ser accedidos por aquellos proveedores que prestan servicios a <strong>Santi By Miro Joyeros<\/strong>, tales como servicios de alojamiento, herramientas de marketing y sistemas de contenido u otros profesionales, cuando dicha comunicaci\u00f3n sea necesaria normativamente, o para la ejecuci\u00f3n de los servicios contratados.<\/p>\n<!-- \/wp:paragraph --><!-- wp:paragraph -->\n<p><strong>Santi By Miro Joyeros<\/strong>, ha suscrito los correspondientes contratos de encargo de tratamiento con cada uno de los proveedores que prestan servicios a <strong>Santi By Miro Joyeros<\/strong>, con el objetivo de garantizar que dichos proveedores tratar\u00e1n tus datos de conformidad con lo establecido en la legislaci\u00f3n vigente.<\/p>\n<!-- \/wp:paragraph --><!-- wp:paragraph -->\n<p>Tambi\u00e9n podr\u00e1n ser cedidos a las Fuerzas y Cuerpos de Seguridad del Estado en los casos que exista una obligaci\u00f3n legal.<\/p>\n<!-- \/wp:paragraph --><!-- wp:paragraph -->\n<p>Bancos y entidades financieras, para el cobro de los servicios.<br \/>Administraciones p\u00fablicas con competencia en los sectores de actividad, cuando as\u00ed lo establezca la normativa vigente.<\/p>\n<!-- \/wp:paragraph --><!-- wp:heading {\"level\":3} -->\n<h3 class=\"wp-block-heading\">Seguridad de la Informaci\u00f3n \u2013 \u00bfQu\u00e9 medidas de seguridad implantamos para cuidar sus datos?<\/h3>\n<!-- \/wp:heading --><!-- wp:paragraph -->\n<p>Para proteger las diferentes tipolog\u00edas de datos reflejados en esta pol\u00edtica de privacidad llevar\u00e1 a cabo las medidas de seguridad t\u00e9cnicas necesarias para evitar su p\u00e9rdida, manipulaci\u00f3n, difusi\u00f3n o alteraci\u00f3n.<\/p>\n<!-- \/wp:paragraph --><!-- wp:list -->\n<ul><!-- wp:list-item -->\n<li>Encriptaci\u00f3n de las comunicaciones entre el dispositivo del usuario y los servidores de <strong>Santi By Miro Joyeros<\/strong><\/li>\n<!-- \/wp:list-item --><!-- wp:list-item -->\n<li>Encriptaci\u00f3n de la informaci\u00f3n en los propios servidores de <strong>Santi By Miro Joyeros<\/strong><\/li>\n<!-- \/wp:list-item --><!-- wp:list-item -->\n<li>Otras medidas que eviten el acceso a los datos del usuario por parte de terceros.<\/li>\n<!-- \/wp:list-item --><!-- wp:list-item -->\n<li>En aquellos casos en los que <strong>Santi By Miro Joyeros<\/strong> cuente con prestadores de servicio para el mantenimiento de la plataforma que se encuentren fuera de la Uni\u00f3n Europea, estas trasferencias internacionales se hayan regularizadas atendiendo al compromiso de <strong>Santi By Miro Joyeros<\/strong> con la protecci\u00f3n, integridad y seguridad de los datos personales de los usuarios.<\/li>\n<!-- \/wp:list-item --><\/ul>\n<!-- \/wp:list --><!-- wp:heading {\"level\":3} -->\n<h3 class=\"wp-block-heading\">Derechos \u2013 \u00bfCu\u00e1les son tus derechos cuando nos facilitas tus datos y c\u00f3mo puedes ejercerlos?<\/h3>\n<!-- \/wp:heading --><!-- wp:paragraph -->\n<p>Tienes derecho a obtener confirmaci\u00f3n sobre si en <strong>Santi By Miro Joyeros<\/strong> estamos tratando datos personales que te conciernan, o no.<br \/>Asimismo, tienes derecho a acceder a tus datos personales, as\u00ed como a solicitar la rectificaci\u00f3n de los datos inexactos o, en su caso, solicitar su supresi\u00f3n cuando, entre otros motivos, los datos ya no sean necesarios para los fines que fueron recogidos.<\/p>\n<!-- \/wp:paragraph --><!-- wp:paragraph -->\n<p>En determinadas circunstancias, podr\u00e1s solicitar la limitaci\u00f3n del tratamiento de tus datos, en cuyo caso \u00fanicamente los conservaremos para el ejercicio o la defensa de reclamaciones.<br \/>En determinadas circunstancias y por motivos relacionados con tu situaci\u00f3n particular, podr\u00e1s oponerte al tratamiento de tus datos. <strong>Santi By Miro Joyeros<\/strong> dejar\u00e1 de tratar los datos, salvo por motivos leg\u00edtimos imperiosos, o el ejercicio o la defensa de posibles reclamaciones.<\/p>\n<!-- \/wp:paragraph --><!-- wp:paragraph -->\n<p>Asimismo, puedes ejercer el derecho a la portabilidad de los datos, as\u00ed como retirar los consentimientos facilitados en cualquier momento, sin que ello afecte a la licitud del tratamiento basado en el consentimiento previo a su retirada.<\/p>\n<!-- \/wp:paragraph --><!-- wp:paragraph -->\n<p>Si deseas hacer uso de cualquiera de tus derechos puede dirigirse a <strong>info@santibymirojoyeros.com<\/strong>.<\/p>\n<!-- \/wp:paragraph --><!-- wp:paragraph -->\n<p>Por \u00faltimo, te informamos que puedes dirigirte ante la Agencia Espa\u00f1ola de Protecci\u00f3n de Datos y dem\u00e1s organismos p\u00fablicos competentes para cualquier reclamaci\u00f3n derivada del tratamiento de tus datos personales.<\/p>\n<!-- \/wp:paragraph --><!-- wp:heading {\"level\":3} -->\n<h3 class=\"wp-block-heading\">Modificaci\u00f3n de la pol\u00edtica de privacidad<\/h3>\n<!-- \/wp:heading --><!-- wp:paragraph -->\n<p><strong>Santi By Miro Joyeros<\/strong> podr\u00e1 modificar la presente Pol\u00edtica de Privacidad en cualquier momento, siendo publicadas las sucesivas versiones en el Sitio Web. En cualquier caso, <strong>Santi By Miro Joyeros<\/strong> comunicar\u00e1 con previo aviso las modificaciones de la presente pol\u00edtica que afecten a los usuarios a fin de que puedan aceptar las mismas.<\/p>\n<!-- \/wp:paragraph --><!-- wp:paragraph -->\n<p>La presente Pol\u00edtica de Privacidad se encuentra actualizada a fecha 16\/06\/2024 <strong>Santi By Miro Joyeros<\/strong> (Espa\u00f1a). Reservados todos los derechos.<\/p>\n<!-- \/wp:paragraph --><!-- wp:paragraph -->\n<p>Si lo deseas tambi\u00e9n puedes consultar nuestra <strong><a href=\"https:\/\/www.santibymirojoyeros.com\/en\/politica-y-legalidad-de-cookies\/\" data-type=\"page\" data-id=\"10\">Pol\u00edtica de Cookies<\/a><\/strong><\/p>\n<!-- \/wp:paragraph --><!-- wp:heading -->\n<h2 class=\"wp-block-heading\"><strong>Declaraci\u00f3n de Accesibilidad<\/strong><\/h2>\n<!-- \/wp:heading --><!-- wp:paragraph -->\n<p><strong>Santi By Miro Joyeros<\/strong> se ha comprometido a hacer accesible su sitio web, de conformidad con el <a href=\"https:\/\/www.boe.es\/buscar\/act.php?id=BOE-A-2018-12699\">Real Decreto 1112\/2018, de 7 de septiembre, sobre accesibilidad de los sitios web y aplicaciones para dispositivos m\u00f3viles del sector p\u00fablico .<\/a><\/p>\n<!-- \/wp:paragraph --><!-- wp:paragraph -->\n<p>La presente declaraci\u00f3n de accesibilidad se aplica al sitio web <strong>www.santibymirojoyeros.com.<\/strong><\/p>\n<!-- \/wp:paragraph --><!-- wp:heading {\"level\":3} -->\n<h3 class=\"wp-block-heading\">SITUACI\u00d3N DE CUMPLIMIENTO<\/h3>\n<!-- \/wp:heading --><!-- wp:paragraph -->\n<p>Este sitio web es plenamente conforme con la norma UNE-EN 301549:2019 (equivalente a los requisitos de nivel de conformidad A y AA de Recomendaciones para realizar el modelo europeo de declaraci\u00f3n de accesibilidad 7 WCAG 2.1<\/p>\n<!-- \/wp:paragraph --><!-- wp:heading {\"level\":3} -->\n<h3 class=\"wp-block-heading\">PREPARACI\u00d3N DE LA PRESENTE DECLARACI\u00d3N DE ACCESIBILIDAD<\/h3>\n<!-- \/wp:heading --><!-- wp:paragraph -->\n<p>La presente declaraci\u00f3n fue preparada el 15 de marzo de 2023. El m\u00e9todo empleado para preparar la declaraci\u00f3n ha sido una autoevaluaci\u00f3n llevada a cabo por el propio organismo. \u00daltima revisi\u00f3n de la declaraci\u00f3n: 15 de marzo de 2023.<\/p>\n<!-- \/wp:paragraph --><!-- wp:heading {\"level\":3} -->\n<h3 class=\"wp-block-heading\">OBSERVACIONES Y DATOS DE CONTACTO<\/h3>\n<!-- \/wp:heading --><!-- wp:paragraph -->\n<p>Puede realizar comunicaciones sobre requisitos de accesibilidad (art\u00edculo 10.2.a) del RD 1112\/2018) como por ejemplo: \u2022 informar sobre cualquier posible incumplimiento por parte de este sitio web \u2022 transmitir otras dificultades de acceso al contenido \u2022 formular cualquier otra consulta o sugerencia de mejora relativa a la accesibilidad del sitio web A trav\u00e9s del siguiente formulario de contacto o llamando al tel\u00e9fono <a class=\"menu-link\" role=\"link\" href=\"tel:34974454095\">974 471 811<\/a>. Puede presentar: \u2022 una Queja relativa al cumplimiento de los requisitos del RD 1112\/2018 o \u2022 una Solicitud de Informaci\u00f3n accesible relativa a: o contenidos que est\u00e1n excluidos del \u00e1mbito de aplicaci\u00f3n del RD 1112\/2018 seg\u00fan lo establecido por el art\u00edculo 3, apartado 4 o contenidos que est\u00e1n exentos del cumplimiento de los requisitos de accesibilidad por imponer una carga desproporcionada. En la Solicitud de informaci\u00f3n accesible, se debe concretar, con toda claridad, los hechos, razones y petici\u00f3n que permitan constatar que se trata de una solicitud razonable y leg\u00edtima. A trav\u00e9s de la Instancia Gen\u00e9rica de la Sede electr\u00f3nica del Ministerio de Asuntos Econ\u00f3micos y Transformaci\u00f3n Digital, as\u00ed como del resto de opciones recogidas en la Ley 39\/ 2015, de 1 de octubre, del Procedimiento Administrativo Com\u00fan de las Administraciones P\u00fablicas. Las comunicaciones, quejas y solicitudes de informaci\u00f3n accesible ser\u00e1n recibidas y tratadas por <strong>Santi By Miro Joyeros<\/strong>.<\/p>\n<!-- \/wp:paragraph --><!-- wp:heading {\"level\":3} -->\n<h3 class=\"wp-block-heading\">PROCEDIMIENTO DE APLICACI\u00d3N<\/h3>\n<!-- \/wp:heading --><!-- wp:paragraph -->\n<p>Si una vez realizada una solicitud de informaci\u00f3n accesible o queja, \u00e9sta hubiera sido desestimada, no se estuviera de acuerdo con la decisi\u00f3n adoptada, o la respuesta no cumpliera los requisitos contemplados en el art\u00edculo 12.5, la persona interesada podr\u00e1 iniciar una reclamaci\u00f3n. Igualmente se podr\u00e1 iniciar una reclamaci\u00f3n en el caso de que haya trascurrido el plazo de veinte d\u00edas h\u00e1biles sin haber obtenido respuesta. La reclamaci\u00f3n puede ser presentada trav\u00e9s del de la Instancia Gen\u00e9rica de la Sede electr\u00f3nica del Ministerio de Asuntos Econ\u00f3micos y Transformaci\u00f3n Digital , as\u00ed como en el resto de opciones recogidas en la Ley 39\/ 2015, de 1 de octubre, del Procedimiento Administrativo Com\u00fan de las Administraciones P\u00fablicas. Las reclamaciones ser\u00e1n recibidas y tratadas por <strong>Santi By Miro Joyeros<\/strong>.<\/p>\n<!-- \/wp:paragraph -->\t\t\t\t\t\t<\/div>\n\t\t\t\t<\/div>\n\t\t\t\t\t<\/div>\n\t\t\t\t<\/div>\n\t\t\t\t<\/div>","protected":false},"excerpt":{"rendered":"<p>Responsable \u2013 \u00bfQui\u00e9n es el responsable del tratamiento de los datos? Identidad:\u00a0 Santi By Miro Joyeros.Domicilio social: C\/Caba\u00f1era Real, 17 [&hellip;]<\/p>","protected":false},"author":1,"featured_media":0,"parent":0,"menu_order":0,"comment_status":"closed","ping_status":"open","template":"","meta":{"site-sidebar-layout":"default","site-content-layout":"","ast-site-content-layout":"","site-content-style":"default","site-sidebar-style":"default","ast-global-header-display":"","ast-banner-title-visibility":"","ast-main-header-display":"","ast-hfb-above-header-display":"","ast-hfb-below-header-display":"","ast-hfb-mobile-header-display":"","site-post-title":"disabled","ast-breadcrumbs-content":"","ast-featured-img":"","footer-sml-layout":"","theme-transparent-header-meta":"","adv-header-id-meta":"","stick-header-meta":"","header-above-stick-meta":"","header-main-stick-meta":"","header-below-stick-meta":"","astra-migrate-meta-layouts":"default","ast-page-background-enabled":"default","ast-page-background-meta":{"desktop":{"background-color":"var(--ast-global-color-4)","background-image":"","background-repeat":"repeat","background-position":"center center","background-size":"auto","background-attachment":"scroll","background-type":"","background-media":"","overlay-type":"","overlay-color":"","overlay-opacity":"","overlay-gradient":""},"tablet":{"background-color":"","background-image":"","background-repeat":"repeat","background-position":"center center","background-size":"auto","background-attachment":"scroll","background-type":"","background-media":"","overlay-type":"","overlay-color":"","overlay-opacity":"","overlay-gradient":""},"mobile":{"background-color":"","background-image":"","background-repeat":"repeat","background-position":"center center","background-size":"auto","background-attachment":"scroll","background-type":"","background-media":"","overlay-type":"","overlay-color":"","overlay-opacity":"","overlay-gradient":""}},"ast-content-background-meta":{"desktop":{"background-color":"var(--ast-global-color-5)","background-image":"","background-repeat":"repeat","background-position":"center center","background-size":"auto","background-attachment":"scroll","background-type":"","background-media":"","overlay-type":"","overlay-color":"","overlay-opacity":"","overlay-gradient":""},"tablet":{"background-color":"var(--ast-global-color-5)","background-image":"","background-repeat":"repeat","background-position":"center center","background-size":"auto","background-attachment":"scroll","background-type":"","background-media":"","overlay-type":"","overlay-color":"","overlay-opacity":"","overlay-gradient":""},"mobile":{"background-color":"var(--ast-global-color-5)","background-image":"","background-repeat":"repeat","background-position":"center center","background-size":"auto","background-attachment":"scroll","background-type":"","background-media":"","overlay-type":"","overlay-color":"","overlay-opacity":"","overlay-gradient":""}},"footnotes":""},"class_list":["post-3","page","type-page","status-publish","hentry"],"yoast_head":"<!-- This site is optimized with the Yoast SEO plugin v25.2 - https:\/\/yoast.com\/wordpress\/plugins\/seo\/ -->\n<title>Pol\u00edtica de privacidad - Santi by Miro Joyeros<\/title>\n<meta name=\"robots\" content=\"index, follow, max-snippet:-1, max-image-preview:large, max-video-preview:-1\" \/>\n<link rel=\"canonical\" href=\"https:\/\/www.santibymirojoyeros.com\/en\/politica-privacidad\/\" \/>\n<meta property=\"og:locale\" content=\"en_GB\" \/>\n<meta property=\"og:type\" content=\"article\" \/>\n<meta property=\"og:title\" content=\"Pol\u00edtica de privacidad - Santi by Miro Joyeros\" \/>\n<meta property=\"og:description\" content=\"Responsable \u2013 \u00bfQui\u00e9n es el responsable del tratamiento de los datos? Identidad:\u00a0 Santi By Miro Joyeros.Domicilio social: C\/Caba\u00f1era Real, 17 [&hellip;]\" \/>\n<meta property=\"og:url\" content=\"https:\/\/www.santibymirojoyeros.com\/en\/politica-privacidad\/\" \/>\n<meta property=\"og:site_name\" content=\"Santi by Miro Joyeros\" \/>\n<meta property=\"article:modified_time\" content=\"2025-02-11T15:54:49+00:00\" \/>\n<meta name=\"twitter:card\" content=\"summary_large_image\" \/>\n<meta name=\"twitter:label1\" content=\"Estimated reading time\" \/>\n\t<meta name=\"twitter:data1\" content=\"8 minutes\" \/>\n<script type=\"application\/ld+json\" class=\"yoast-schema-graph\">{\"@context\":\"https:\/\/schema.org\",\"@graph\":[{\"@type\":\"WebPage\",\"@id\":\"https:\/\/www.santibymirojoyeros.com\/politica-privacidad\/\",\"url\":\"https:\/\/www.santibymirojoyeros.com\/politica-privacidad\/\",\"name\":\"Pol\u00edtica de privacidad - Santi by Miro Joyeros\",\"isPartOf\":{\"@id\":\"https:\/\/www.santibymirojoyeros.com\/#website\"},\"datePublished\":\"2024-06-12T14:59:26+00:00\",\"dateModified\":\"2025-02-11T15:54:49+00:00\",\"breadcrumb\":{\"@id\":\"https:\/\/www.santibymirojoyeros.com\/politica-privacidad\/#breadcrumb\"},\"inLanguage\":\"en-GB\",\"potentialAction\":[{\"@type\":\"ReadAction\",\"target\":[\"https:\/\/www.santibymirojoyeros.com\/politica-privacidad\/\"]}]},{\"@type\":\"BreadcrumbList\",\"@id\":\"https:\/\/www.santibymirojoyeros.com\/politica-privacidad\/#breadcrumb\",\"itemListElement\":[{\"@type\":\"ListItem\",\"position\":1,\"name\":\"Portada\",\"item\":\"https:\/\/www.santibymirojoyeros.com\/\"},{\"@type\":\"ListItem\",\"position\":2,\"name\":\"Pol\u00edtica de privacidad\"}]},{\"@type\":\"WebSite\",\"@id\":\"https:\/\/www.santibymirojoyeros.com\/#website\",\"url\":\"https:\/\/www.santibymirojoyeros.com\/\",\"name\":\"Santi by Miro Joyeros\",\"description\":\"\",\"publisher\":{\"@id\":\"https:\/\/www.santibymirojoyeros.com\/#organization\"},\"potentialAction\":[{\"@type\":\"SearchAction\",\"target\":{\"@type\":\"EntryPoint\",\"urlTemplate\":\"https:\/\/www.santibymirojoyeros.com\/?s={search_term_string}\"},\"query-input\":{\"@type\":\"PropertyValueSpecification\",\"valueRequired\":true,\"valueName\":\"search_term_string\"}}],\"inLanguage\":\"en-GB\"},{\"@type\":\"Organization\",\"@id\":\"https:\/\/www.santibymirojoyeros.com\/#organization\",\"name\":\"Santi by Miro Joyeros\",\"url\":\"https:\/\/www.santibymirojoyeros.com\/\",\"logo\":{\"@type\":\"ImageObject\",\"inLanguage\":\"en-GB\",\"@id\":\"https:\/\/www.santibymirojoyeros.com\/#\/schema\/logo\/image\/\",\"url\":\"https:\/\/www.santibymirojoyeros.com\/wp-content\/uploads\/image-9.png\",\"contentUrl\":\"https:\/\/www.santibymirojoyeros.com\/wp-content\/uploads\/image-9.png\",\"width\":623,\"height\":401,\"caption\":\"Santi by Miro Joyeros\"},\"image\":{\"@id\":\"https:\/\/www.santibymirojoyeros.com\/#\/schema\/logo\/image\/\"}}]}<\/script>\n<!-- \/ Yoast SEO plugin. -->","yoast_head_json":{"title":"Pol\u00edtica de privacidad - Santi by Miro Joyeros","robots":{"index":"index","follow":"follow","max-snippet":"max-snippet:-1","max-image-preview":"max-image-preview:large","max-video-preview":"max-video-preview:-1"},"canonical":"https:\/\/www.santibymirojoyeros.com\/en\/politica-privacidad\/","og_locale":"en_GB","og_type":"article","og_title":"Pol\u00edtica de privacidad - Santi by Miro Joyeros","og_description":"Responsable \u2013 \u00bfQui\u00e9n es el responsable del tratamiento de los datos? Identidad:\u00a0 Santi By Miro Joyeros.Domicilio social: C\/Caba\u00f1era Real, 17 [&hellip;]","og_url":"https:\/\/www.santibymirojoyeros.com\/en\/politica-privacidad\/","og_site_name":"Santi by Miro Joyeros","article_modified_time":"2025-02-11T15:54:49+00:00","twitter_card":"summary_large_image","twitter_misc":{"Estimated reading time":"8 minutes"},"schema":{"@context":"https:\/\/schema.org","@graph":[{"@type":"WebPage","@id":"https:\/\/www.santibymirojoyeros.com\/politica-privacidad\/","url":"https:\/\/www.santibymirojoyeros.com\/politica-privacidad\/","name":"Pol\u00edtica de privacidad - Santi by Miro Joyeros","isPartOf":{"@id":"https:\/\/www.santibymirojoyeros.com\/#website"},"datePublished":"2024-06-12T14:59:26+00:00","dateModified":"2025-02-11T15:54:49+00:00","breadcrumb":{"@id":"https:\/\/www.santibymirojoyeros.com\/politica-privacidad\/#breadcrumb"},"inLanguage":"en-GB","potentialAction":[{"@type":"ReadAction","target":["https:\/\/www.santibymirojoyeros.com\/politica-privacidad\/"]}]},{"@type":"BreadcrumbList","@id":"https:\/\/www.santibymirojoyeros.com\/politica-privacidad\/#breadcrumb","itemListElement":[{"@type":"ListItem","position":1,"name":"Portada","item":"https:\/\/www.santibymirojoyeros.com\/"},{"@type":"ListItem","position":2,"name":"Pol\u00edtica de privacidad"}]},{"@type":"WebSite","@id":"https:\/\/www.santibymirojoyeros.com\/#website","url":"https:\/\/www.santibymirojoyeros.com\/","name":"Santi by Miro Joyeros","description":"","publisher":{"@id":"https:\/\/www.santibymirojoyeros.com\/#organization"},"potentialAction":[{"@type":"SearchAction","target":{"@type":"EntryPoint","urlTemplate":"https:\/\/www.santibymirojoyeros.com\/?s={search_term_string}"},"query-input":{"@type":"PropertyValueSpecification","valueRequired":true,"valueName":"search_term_string"}}],"inLanguage":"en-GB"},{"@type":"Organization","@id":"https:\/\/www.santibymirojoyeros.com\/#organization","name":"Santi by Miro Joyeros","url":"https:\/\/www.santibymirojoyeros.com\/","logo":{"@type":"ImageObject","inLanguage":"en-GB","@id":"https:\/\/www.santibymirojoyeros.com\/#\/schema\/logo\/image\/","url":"https:\/\/www.santibymirojoyeros.com\/wp-content\/uploads\/image-9.png","contentUrl":"https:\/\/www.santibymirojoyeros.com\/wp-content\/uploads\/image-9.png","width":623,"height":401,"caption":"Santi by Miro Joyeros"},"image":{"@id":"https:\/\/www.santibymirojoyeros.com\/#\/schema\/logo\/image\/"}}]}},"_links":{"self":[{"href":"https:\/\/www.santibymirojoyeros.com\/en\/wp-json\/wp\/v2\/pages\/3","targetHints":{"allow":["GET"]}}],"collection":[{"href":"https:\/\/www.santibymirojoyeros.com\/en\/wp-json\/wp\/v2\/pages"}],"about":[{"href":"https:\/\/www.santibymirojoyeros.com\/en\/wp-json\/wp\/v2\/types\/page"}],"author":[{"embeddable":true,"href":"https:\/\/www.santibymirojoyeros.com\/en\/wp-json\/wp\/v2\/users\/1"}],"replies":[{"embeddable":true,"href":"https:\/\/www.santibymirojoyeros.com\/en\/wp-json\/wp\/v2\/comments?post=3"}],"version-history":[{"count":5,"href":"https:\/\/www.santibymirojoyeros.com\/en\/wp-json\/wp\/v2\/pages\/3\/revisions"}],"predecessor-version":[{"id":684,"href":"https:\/\/www.santibymirojoyeros.com\/en\/wp-json\/wp\/v2\/pages\/3\/revisions\/684"}],"wp:attachment":[{"href":"https:\/\/www.santibymirojoyeros.com\/en\/wp-json\/wp\/v2\/media?parent=3"}],"curies":[{"name":"wp","href":"https:\/\/api.w.org\/{rel}","templated":true}]}}